{"id":2678,"date":"2024-03-28T17:49:29","date_gmt":"2024-03-28T17:49:29","guid":{"rendered":"https:\/\/vianeo-ppr.noprod.db-vianeo.com\/borne-recharge-camion-electrique\/"},"modified":"2024-07-04T11:24:21","modified_gmt":"2024-07-04T11:24:21","slug":"borne-recharge-camion-electrique","status":"publish","type":"page","link":"https:\/\/vianeo-ppr.noprod.db-vianeo.com\/en\/borne-recharge-camion-electrique\/","title":{"rendered":"Mobilit\u00e9s lourdes"},"content":{"rendered":"\n\n<section class=\"hero_header_style_1 wp-block-engie-hero-header\"\n\t\t\tstyle=\"background:linear-gradient(0deg, rgba(24, 38, 99, 0.6), rgba(24, 38, 99, 0.6)),url(https:\/\/vianeo-int.noprod.db-vianeo.com\/wp-content\/uploads\/2024\/03\/image-poids-lourds.jpg) center no-repeat; background-size:cover;\" \n\t>\n\t<div class=\"container\">\n\t\t<div class=\"hero-header-inner\">\t\n\t\t\t<div class=\"hero-header-content\">\n\t\t\t\t\t\t\t\t\t<h1 class=\"hero-header-title\"> <strong>Recharge your electric trucks and vans with ENGIE Vianeo<\/strong><\/h1>\n\t\t\t\t\t\t\t\t<\/div>\n\t\t<\/div>\n\t<\/div>\n\n<\/section>\n\n\n<div class=\"nj-modal fade\" id=\"qrcodeModal\" role=\"alertDialog\" aria-labelledby=\"qrcodeModalLabel\">\n  <div class=\"nj-modal__dialog\" role=\"document\">\n\t<div class=\"nj-modal__content\">\n\t  <div class=\"nj-modal__header\">\n\t\t<button type=\"button\" class=\"nj-icon-btn nj-icon-btn--lg nj-icon-btn--secondary nj-modal__close\" data-dismiss=\"modal\" aria-label=\"Close\">\n\t\t  <span aria-hidden=\"true\" class=\"nj-icon-btn__icon material-icons\">close<\/span>\n\t\t<\/button>\n\t  <\/div>\n\t  <div class=\"nj-modal__body\">\n\t\t<img decoding=\"async\" src=\"https:\/\/vianeo-ppr.noprod.db-vianeo.com\/wp-content\/uploads\/2024\/10\/QR-code-new-popup.png\" alt=\"\">\n\t  <\/div>\n\t  <div class=\"nj-modal__footer\">\n\t\t<p>Scan the QR-Code to download the ENGIE Vianeo application<\/p>\n\t  <\/div>\n\t<\/div>\n  <\/div>\n<\/div>\n<section class=\"style-column-1 background-duramob-pale wp-block-engie-block-cta-text-only\">\n\n\t\t<div class=\"container\">\n\t\t<div class=\"block-cta-text-only style-column-1\">\n\t\t\t<div class=\"block-cta-text-only-content\">\n\t\t\t\t<h2 class=\"block-cta-text-only-title\">ENGIE Vianeo accompagne aussi la d\u00e9carbonation du transport routier en cr\u00e9ant un r\u00e9seau de stations de recharge d\u00e9di\u00e9 aux camions et utilitaires \u00e9lectriques. <\/h2><p class=\"block-cta-text-only-desc\">Situ\u00e9es le long des grands axes routiers et au c\u0153ur des zones logistiques et des m\u00e9tropoles, ces stations se d\u00e9ploient l\u00e0 o\u00f9 les transporteurs ont des besoins de recharge. Ce r\u00e9seau permet aux soci\u00e9t\u00e9s de transport de b\u00e9n\u00e9ficier de <strong>bornes de tr\u00e8s haute puissance<\/strong>, toujours disponibles l\u00e0 o\u00f9 les chauffeurs en ont besoin, et sans avoir \u00e0 investir.<\/p>\t\t\t<\/div>\n\t\t\t<div class=\"block-cta-text-only-list-buttons\">\n\t\t\t\t<ul>\n\t\t\t\t\t\n\t\t\t\t\t\t\t\t\t<\/ul>\n\t\t\t<\/div>\n\t\t<\/div>\n\t<\/div>\n\t\n<\/section>\n\n\n<section class=\"section_titles_style_primary wp-block-engie-section-titles\">\n\t<div class=\"container\">\n\t\t<h2 class=\"section_titles_title sections_titles_border_title\">Notre concept de stations pour r\u00e9pondre \u00e0 vos demandes<\/h2 >\t\t<p class=\"section_titles_desc\">Nos stations de recharge pour poids-lourds offrent des bornes de <strong>400 \u00e0 500 kW avec des prises CCS<\/strong>, et bient\u00f4t des <strong>bornes MCS de 1 000 kW<\/strong> et plus, permettant la recharge en moins de 40 minutes, c\u2019est-\u00e0-dire le temps des pauses obligatoires, m\u00eame pour plus gros v\u00e9hicules.<\/p>\t<\/div>\n<\/section>\n\n\n<section class=\"block_advantages block-three-elements wp-block-engie-block-advantages\">\n\t<div class=\"container\">\n\t\t<div class=\"block-advantages-container\">\n\t\t\t\n\n\t<div class=\"block_advantage wp-block-engie-block-advantage\">\n\t\t\t<div class=\"title-icon limeapple pictograms icon-size-m\"><img decoding=\"async\" src=\"\/wp-content\/plugins\/engie-blocks\/assets\/pictograms\/calendrier-1.svg\" alt=\"\" \/><\/div>\t\t\t\t<h3 class=\"block_advantage_title\">R\u00e9servation des cr\u00e9neaux<\/h3>\t\t\t\t\t\t\t\t<p class=\"block_advantage_desc\">La possibilit\u00e9 de planifier des itin\u00e9raires est assur\u00e9e par un <strong>syst\u00e8me de r\u00e9servation des cr\u00e9neaux<\/strong> de recharge, accompagn\u00e9 de barri\u00e8res physiques pour vous garantir l\u2019acc\u00e8s \u00e0 la piste r\u00e9serv\u00e9e.<\/p>\t<\/div>\n\n\n\n\t<div class=\"block_advantage wp-block-engie-block-advantage\">\n\t\t\t<div class=\"title-icon limeapple pictograms icon-size-m\"><img decoding=\"async\" src=\"\/wp-content\/plugins\/engie-blocks\/assets\/pictograms\/borne-recharge-voiture-elec.svg\" alt=\"\" \/><\/div>\t\t\t\t<h3 class=\"block_advantage_title\">Haute disponibilit\u00e9<\/h3>\t\t\t\t\t\t\t\t<p class=\"block_advantage_desc\">Pour satisfaire aux exigences de disponibilit\u00e9 tr\u00e8s \u00e9lev\u00e9es des transporteurs, nous assurons le plus <strong>haut niveau de disponibilit\u00e9 des bornes<\/strong> et proposons des <strong>bornes de secours<\/strong> sur nos stations garantissant les recharges 24 heures sur 24 et 7 jours sur 7.<\/p>\t<\/div>\n\n\n\n\t<div class=\"block_advantage wp-block-engie-block-advantage\">\n\t\t\t<div class=\"title-icon limeapple pictograms icon-size-m\"><img decoding=\"async\" src=\"\/wp-content\/plugins\/engie-blocks\/assets\/pictograms\/cafe-tasse.svg\" alt=\"\" \/><\/div>\t\t\t\t<h3 class=\"block_advantage_title\">Services adapt\u00e9s<\/h3>\t\t\t\t\t\t\t\t<p class=\"block_advantage_desc\">Enfin, afin de permettre aux conducteurs d\u2019effectuer une pause de qualit\u00e9 pendant leur temps de recharge, nous veillons \u00e0 la <strong>pr\u00e9sence de services adapt\u00e9s<\/strong> sur les stations ou \u00e0 proximit\u00e9.<\/p>\t<\/div>\n\n\t\t<\/div>\n\t<\/div>\n<\/section>\n\n\n<section class=\"section_titles_style_primary wp-block-engie-section-titles\">\n\t<div class=\"container\">\n\t\t<h2 class=\"section_titles_title sections_titles_border_title\">Trouvez votre station pour recharger votre camion en itin\u00e9rance<\/h2 >\t\t<p class=\"section_titles_desc\">Nos stations de recharge sont situ\u00e9es dans des endroits strat\u00e9giques pour faciliter l\u2019acc\u00e8s aux poids lourds \u00e9lectriques. Nous avons pr\u00e9vu l&#8217;installation de 5 stations de recharge en France, entre Lyon et Paris, et nous pr\u00e9voyons d\u2019en ajouter 11 de plus d\u2019ici 2025. Chaque station de recharge est \u00e9quip\u00e9e d\u2019une borne CCS de 400 kW pour permettre une recharge rapide et efficace de vos poids lourds et d\u2019une borne de secours de 100 kW.<\/p>\t<\/div>\n<\/section>\n\n\n<section class=\"desktop-xs_height tablet-xs_height mobile-xs_height wp-block-engie-block-blank-dividers\">\n\t\n<\/section>\n\n\n<p class=\"container\"><iframe loading=\"lazy\" src=\"https:\/\/www.google.com\/maps\/d\/u\/0\/embed?mid=1rcmJA3h-0WtiRUd1MMaWbKnd4X5zYis&amp;ehbc=2E312F&amp;noprof=1&amp;zoom=8\" width=\"100%\" height=\"600px\"><\/iframe><\/p>\n\n\n<section class=\"section_titles_style_primary wp-block-engie-section-titles\">\n\t<div class=\"container\">\n\t\t<h2 class=\"section_titles_title sections_titles_border_title\">FAQ<\/h2 >\t\t\t<\/div>\n<\/section>\n\n\n<section class=\"wp-block-engie-accordion wp-block-engie-block-accordion\">\n\t<div class=\"container\">\n\t\t\t\t\t<div class=\"block_accordion_0\">\n\t\t\t\t<div class=\"block-accordion-item\">\n\t\t\t\t\t<button type=\"button\" class=\"block-accordion-item-question\" aria-expanded=\"false\" >\n\t\t\t\t\t\t<p>Quelle est la puissance des bornes de recharges pour poids-lourds \u00e9lectriques ?<\/p>\t\t\t\t\t\t<span class=\"material-icons item-question-icon\">expand_more<\/span>\n\t\t\t\t\t<\/button>\n\t\t\t\t\t<div class=\"block-accordion-item-content\">\n\t\t\t\t\t\t<p>Les bornes que nous installons r\u00e9pondent \u00e0 tous les usages du transport de marchandises. Des bornes de 400 \u00e0 500 kW CCS permettent de r\u00e9pondre \u00e0 la plupart des besoins de recharge en itin\u00e9rance et \u00e0 destination.<br>Nous pr\u00e9voyons \u00e9galement d\u2019installer des bornes avec des connecteurs MCS de plus de 800 kW permettant la recharge ultra-rapide sur des temps de pauses tr\u00e8s courts.<br>Enfin, des bornes d\u2019environ 100 kW CCS permettent aussi de r\u00e9pondre aux besoins de recharge de nuit.<\/p>\t\t\t\t\t<\/div>\n\t\t\t\t<\/div>\n\t\t\t<\/div>\n\t\t\t<\/div>\n<\/section>\n\n<section class=\"wp-block-engie-accordion wp-block-engie-block-accordion\">\n\t<div class=\"container\">\n\t\t\t\t\t<div class=\"block_accordion_0\">\n\t\t\t\t<div class=\"block-accordion-item\">\n\t\t\t\t\t<button type=\"button\" class=\"block-accordion-item-question\" aria-expanded=\"false\" >\n\t\t\t\t\t\t<p>Comment peut-on payer une recharge sur les bornes pour poids-lourds \u00e9lectriques ?<\/p>\t\t\t\t\t\t<span class=\"material-icons item-question-icon\">expand_more<\/span>\n\t\t\t\t\t<\/button>\n\t\t\t\t\t<div class=\"block-accordion-item-content\">\n\t\t\t\t\t\t<p>Selon les bornes, 3 modes de paiement peuvent \u00eatre disponibles :<br>\u2013 le paiement par carte de recharge (nos bornes sont compatibles avec la plupart des cartes de recharges europ\u00e9ennes)<br>\u2013 le paiement par carte bancaire (Visa, Mastercard) avec pin code facilitant les recharges de gros volumes, adapt\u00e9es aux poids-lourds<br>\u2013 le paiement en ligne<\/p>\t\t\t\t\t<\/div>\n\t\t\t\t<\/div>\n\t\t\t<\/div>\n\t\t\t<\/div>\n<\/section>\n\n<section class=\"section_titles_style_primary wp-block-engie-section-titles\">\n\t<div class=\"container\">\n\t\t<h2 class=\"section_titles_title sections_titles_border_title\">H\u00e9bergez une station de recharge pour poids-lourds<\/h2 >\t\t<p class=\"section_titles_desc\">Que ce soit pour les besoins de votre propre flotte de poids-lourds ou simplement pour valoriser un terrain, nous cherchons \u00e0 \u00e9tendre notre r\u00e9seau de recharge pour poids-lourds.<br><br>Si vous \u00eates propri\u00e9taire de foncier notamment \u00e0 proximit\u00e9 de grands axes ou zones logistiques, ou si vous cherchez une station qui soit proche de vos sites, contactez nous via ce formulaire.<\/p>\t<\/div>\n<\/section>\n\n\n<section class=\"left wp-block-engie-block-cta\">\n\t<div class=\"container\">\n\t\t\n\n\n\n<a type=\"button\" class=\"nj-btn \" class=\"wp-block-engie-button-primary\"  href=\"\/heberger-borne-recharge-vehicule-electrique\/page-partenaire\/\" >\n\tH\u00e9berger une station\n<\/a>\n\n\t<\/div>\n<\/section>\n\n\n<section class=\"section_titles_style_primary wp-block-engie-section-titles\">\n\t<div class=\"container\">\n\t\t<h2 class=\"section_titles_title sections_titles_border_title\">Contactez-nous<\/h2 >\t\t<p class=\"section_titles_desc\">Pour plus d\u2019informations sur nos services de recharge pour poids lourds \u00e9lectriques, n\u2019h\u00e9sitez pas \u00e0 nous contacter. Nous sommes l\u00e0 pour vous permettre de r\u00e9duire votre empreinte carbone et ainsi contribuer ensemble \u00e0 un avenir plus durable.<\/p>\t<\/div>\n<\/section>\n\n\n<section class=\"left wp-block-engie-block-cta\">\n\t<div class=\"container\">\n\t\t\n\n\n\n<a type=\"button\" class=\"nj-btn \" class=\"wp-block-engie-button-primary\"  href=\"mailto:etrucks.vianeo@engie.com\" >\n\tContacter ENGIE Vianeo\n<\/a>\n\n\t<\/div>\n<\/section>\n\n\n<section class=\"desktop-xs_height tablet-xs_height mobile-xs_height wp-block-engie-block-blank-dividers\">\n\t\n<\/section>\n\n<section class=\"carrousel_color_white wp-block-engie-carrousel-articles\">\n\t<div class=\"container\">\n\t\t<div class=\"carousel-articles-wrapper\">\n\t\t\t\t\t\t\t\t\t<div class=\"wp-block-engie-post-card\">\n<a href=\"https:\/\/vianeo-ppr.noprod.db-vianeo.com\/en\/this-is-a-test\/\">\n\n\t<div class=\"nj-card \">\n\t\t<div class=\"img-container\">\n\t\t\t<img decoding=\"async\" class=\"nj-card__img\" src=\"\" alt=\" \" \/>\n\t\t<\/div>\n\t\t<div class=\"nj-card__body\">\n\t\t\t<div class=\"mb-2\">\n\t\t\t\t\t\t\t\t<div class=\"nj-tag nj-tag--tag\"><span class=\"nj-tag__text\">Non classifi\u00e9(e)<\/span><\/div>\n\t\t\t\t\t\t\t<\/div>\n\t\t\t<h2 class=\"nj-card__title\">This is a test<\/h2>\n\t\t\t<p>French to English translation test<\/p>\n\t\t<\/div>\n\t<\/div>\n\t<\/a>\n<\/div>\n\t\t\t\t\t\t\t\t\t\t\t<div class=\"wp-block-engie-post-card\">\n<a href=\"https:\/\/vianeo-ppr.noprod.db-vianeo.com\/en\/relever-le-defi-de-la-decarbonation-de-la-mobilite-lourde\/\">\n\n\t<div class=\"nj-card \">\n\t\t<div class=\"img-container\">\n\t\t\t<img decoding=\"async\" class=\"nj-card__img\" src=\"https:\/\/vianeo-ppr.noprod.db-vianeo.com\/wp-content\/uploads\/2023\/10\/MOBILITES-LOURDES_visuel_article_792x350V2.webp\" alt=\" \" \/>\n\t\t<\/div>\n\t\t<div class=\"nj-card__body\">\n\t\t\t<div class=\"mb-2\">\n\t\t\t\t\t\t\t\t<div class=\"nj-tag nj-tag--\"><span class=\"nj-tag__text\">Communiqu\u00e9 de presse<\/span><\/div>\n\t\t\t\t\t\t\t<\/div>\n\t\t\t<h2 class=\"nj-card__title\">Semaine europ\u00e9enne de la mobilit\u00e9\u00a0: relever le d\u00e9fi de la d\u00e9carbonation de la mobilit\u00e9 lourde<\/h2>\n\t\t\t<p>Le groupe ENGIE est leader de la transition \u00e9nerg\u00e9tique&nbsp;: c\u2019est donc tout naturellement qu\u2019ENGIE Vianeo, la marque du Groupe d\u00e9di\u00e9e \u00e0 la mobilit\u00e9 \u00e9lectrique lanc\u00e9e le 15 juin 2023, a pour ambition de d\u00e9carboner les transports routiers. Si la mobilit\u00e9 lourde en France ne repr\u00e9sente qu\u20191,3 % des v\u00e9hicules, elle est responsable de 27 % [&hellip;]<\/p>\n\t\t<\/div>\n\t<\/div>\n\t<\/a>\n<\/div>\n\t\t\t\t\t\t\t\t\t\t\t<div class=\"wp-block-engie-post-card\">\n<a href=\"https:\/\/vianeo-ppr.noprod.db-vianeo.com\/en\/heatwaves-and-your-cars-range\/\">\n\n\t<div class=\"nj-card \">\n\t\t<div class=\"img-container\">\n\t\t\t<img decoding=\"async\" class=\"nj-card__img\" src=\"https:\/\/vianeo-ppr.noprod.db-vianeo.com\/wp-content\/uploads\/2023\/07\/article-picture-3-2.webp\" alt=\" \" \/>\n\t\t<\/div>\n\t\t<div class=\"nj-card__body\">\n\t\t\t<div class=\"mb-2\">\n\t\t\t\t\t\t\t\t<div class=\"nj-tag nj-tag--\"><span class=\"nj-tag__text\">Conseils pratiques<\/span><\/div>\n\t\t\t\t\t\t\t\t<div class=\"nj-tag nj-tag--brand\"><span class=\"nj-tag__text\">Electric vehicle<\/span><\/div>\n\t\t\t\t\t\t\t\t<div class=\"nj-tag nj-tag--green\"><span class=\"nj-tag__text\">Practical advice<\/span><\/div>\n\t\t\t\t\t\t\t<\/div>\n\t\t\t<h2 class=\"nj-card__title\">Heatwaves and your car\u2019s range: what you need to know<\/h2>\n\t\t\t<p>Heatwaves can have a significant impact on your electric car. High temperatures affect the battery\u2019s performance and accelerate aging. Any overheating can reduce its range and slow down the charging process. A good cooling system is therefore essential. We also recommend using air conditioning sparingly!<\/p>\n\t\t<\/div>\n\t<\/div>\n\t<\/a>\n<\/div>\n\t\t\t\t\t\t\t\t\t\t\t<div class=\"wp-block-engie-post-card\">\n<a href=\"https:\/\/vianeo-ppr.noprod.db-vianeo.com\/en\/charging-your-car\/\">\n\n\t<div class=\"nj-card \">\n\t\t<div class=\"img-container\">\n\t\t\t<img decoding=\"async\" class=\"nj-card__img\" src=\"https:\/\/vianeo-ppr.noprod.db-vianeo.com\/wp-content\/uploads\/2023\/07\/article-picture-2.webp\" alt=\" \" \/>\n\t\t<\/div>\n\t\t<div class=\"nj-card__body\">\n\t\t\t<div class=\"mb-2\">\n\t\t\t\t\t\t\t\t<div class=\"nj-tag nj-tag--\"><span class=\"nj-tag__text\">Conseils pratiques<\/span><\/div>\n\t\t\t\t\t\t\t\t<div class=\"nj-tag nj-tag--brand\"><span class=\"nj-tag__text\">Electric vehicle<\/span><\/div>\n\t\t\t\t\t\t\t\t<div class=\"nj-tag nj-tag--green\"><span class=\"nj-tag__text\">Practical advice<\/span><\/div>\n\t\t\t\t\t\t\t<\/div>\n\t\t\t<h2 class=\"nj-card__title\">Charging your car: dos and don\u2019ts<\/h2>\n\t\t\t<p>Charging your electric car is almost as simple as charging your smartphone, as long as you know what you\u2019re doing.  How often should you charge your car? Is it a good idea to charge it every day? Read on for our advice on looking after your vehicle\u2019s battery.<\/p>\n\t\t<\/div>\n\t<\/div>\n\t<\/a>\n<\/div>\n\t\t\t\t\t\t\t\t\t\t\t<div class=\"wp-block-engie-post-card\">\n<a href=\"https:\/\/vianeo-ppr.noprod.db-vianeo.com\/en\/electric-cars-an-essential-part-of-the-energy-transition\/\">\n\n\t<div class=\"nj-card \">\n\t\t<div class=\"img-container\">\n\t\t\t<img decoding=\"async\" class=\"nj-card__img\" src=\"https:\/\/vianeo-ppr.noprod.db-vianeo.com\/wp-content\/uploads\/2023\/10\/Sans-titre-1.webp\" alt=\" \" \/>\n\t\t<\/div>\n\t\t<div class=\"nj-card__body\">\n\t\t\t<div class=\"mb-2\">\n\t\t\t\t\t\t\t\t<div class=\"nj-tag nj-tag--\"><span class=\"nj-tag__text\">Conseils pratiques<\/span><\/div>\n\t\t\t\t\t\t\t\t<div class=\"nj-tag nj-tag--brand\"><span class=\"nj-tag__text\">Electric vehicle<\/span><\/div>\n\t\t\t\t\t\t\t\t<div class=\"nj-tag nj-tag--green\"><span class=\"nj-tag__text\">Practical advice<\/span><\/div>\n\t\t\t\t\t\t\t<\/div>\n\t\t\t<h2 class=\"nj-card__title\">Electric cars, an essential part of the energy transition<\/h2>\n\t\t\t<p>Global warming is accelerating and yet the transport sector alone accounts for 31% of greenhouse gas emissions in France! It\u2019s also a major cause of pollution. Electric cars therefore play a key role in decarbonizing car travel, improving air quality and achieving the French national target of net zero emissions by 2050. <\/p>\n\t\t<\/div>\n\t<\/div>\n\t<\/a>\n<\/div>\n\t\t\t\t\t\t\t<\/div>\n\t<\/div>\n\t\t\t\t\t<a href=\"\n\thttps:\/\/vianeo-ppr.noprod.db-vianeo.com\/en\/news\/\" class=\"nj-btn\">See all news<\/a>\n\n<\/section>\n","protected":false},"excerpt":{"rendered":"","protected":false},"author":2,"featured_media":0,"parent":0,"menu_order":0,"comment_status":"closed","ping_status":"closed","template":"","meta":{"footnotes":""},"class_list":["post-2678","page","type-page","status-publish","hentry"],"acf":[],"yoast_head":"<!-- This site is optimized with the Yoast SEO plugin v20.8 - https:\/\/yoast.com\/wordpress\/plugins\/seo\/ -->\n<title>Bornes de recharge pour camion \u00e9lectrique - ENGIE Vianeo<\/title>\n<meta name=\"description\" content=\"Nous accompagnons aussi la d\u00e9carbonation du transport routier en cr\u00e9ant un r\u00e9seau de stations de recharge d\u00e9di\u00e9 aux camions \u00e9lectriques.\" \/>\n<meta name=\"robots\" content=\"noindex, follow\" \/>\n<meta property=\"og:locale\" content=\"en_US\" \/>\n<meta property=\"og:type\" content=\"article\" \/>\n<meta property=\"og:title\" content=\"Bornes de recharge pour camion \u00e9lectrique - ENGIE Vianeo\" \/>\n<meta property=\"og:description\" content=\"Nous accompagnons aussi la d\u00e9carbonation du transport routier en cr\u00e9ant un r\u00e9seau de stations de recharge d\u00e9di\u00e9 aux camions \u00e9lectriques.\" \/>\n<meta property=\"og:url\" content=\"https:\/\/vianeo-ppr.noprod.db-vianeo.com\/en\/borne-recharge-camion-electrique\/\" \/>\n<meta property=\"og:site_name\" content=\"ENGIE Vianeo\" \/>\n<meta property=\"article:publisher\" content=\"https:\/\/www.facebook.com\/ENGIEvianeo\" \/>\n<meta property=\"article:modified_time\" content=\"2024-07-04T11:24:21+00:00\" \/>\n<meta property=\"og:image\" content=\"https:\/\/vianeo-ppr.noprod.db-vianeo.com\/wp-content\/uploads\/2023\/06\/img-engie-rs.jpg\" \/>\n\t<meta property=\"og:image:width\" content=\"1200\" \/>\n\t<meta property=\"og:image:height\" content=\"1222\" \/>\n\t<meta property=\"og:image:type\" content=\"image\/jpeg\" \/>\n<meta name=\"twitter:card\" content=\"summary_large_image\" \/>\n<meta name=\"twitter:site\" content=\"@ENGIEvianeo\" \/>\n<script type=\"application\/ld+json\" class=\"yoast-schema-graph\">{\"@context\":\"https:\/\/schema.org\",\"@graph\":[{\"@type\":\"WebPage\",\"@id\":\"https:\/\/vianeo-ppr.noprod.db-vianeo.com\/en\/borne-recharge-camion-electrique\/\",\"url\":\"https:\/\/vianeo-ppr.noprod.db-vianeo.com\/en\/borne-recharge-camion-electrique\/\",\"name\":\"Bornes de recharge pour camion \u00e9lectrique - ENGIE Vianeo\",\"isPartOf\":{\"@id\":\"https:\/\/vianeo-ppr.noprod.db-vianeo.com\/en\/#website\"},\"datePublished\":\"2024-03-28T17:49:29+00:00\",\"dateModified\":\"2024-07-04T11:24:21+00:00\",\"description\":\"Nous accompagnons aussi la d\u00e9carbonation du transport routier en cr\u00e9ant un r\u00e9seau de stations de recharge d\u00e9di\u00e9 aux camions \u00e9lectriques.\",\"breadcrumb\":{\"@id\":\"https:\/\/vianeo-ppr.noprod.db-vianeo.com\/en\/borne-recharge-camion-electrique\/#breadcrumb\"},\"inLanguage\":\"en-US\",\"potentialAction\":[{\"@type\":\"ReadAction\",\"target\":[\"https:\/\/vianeo-ppr.noprod.db-vianeo.com\/en\/borne-recharge-camion-electrique\/\"]}]},{\"@type\":\"BreadcrumbList\",\"@id\":\"https:\/\/vianeo-ppr.noprod.db-vianeo.com\/en\/borne-recharge-camion-electrique\/#breadcrumb\",\"itemListElement\":[{\"@type\":\"ListItem\",\"position\":1,\"name\":\"home\",\"item\":\"https:\/\/vianeo-ppr.noprod.db-vianeo.com\/en\/\"},{\"@type\":\"ListItem\",\"position\":2,\"name\":\"Mobilit\u00e9s lourdes\"}]},{\"@type\":\"WebSite\",\"@id\":\"https:\/\/vianeo-ppr.noprod.db-vianeo.com\/en\/#website\",\"url\":\"https:\/\/vianeo-ppr.noprod.db-vianeo.com\/en\/\",\"name\":\"ENGIE Vianeo\",\"description\":\"L\u2019\u00e9nergie est notre avenir, \u00e9conomisons-la.\",\"publisher\":{\"@id\":\"https:\/\/vianeo-ppr.noprod.db-vianeo.com\/en\/#organization\"},\"potentialAction\":[{\"@type\":\"SearchAction\",\"target\":{\"@type\":\"EntryPoint\",\"urlTemplate\":\"https:\/\/vianeo-ppr.noprod.db-vianeo.com\/en\/?s={search_term_string}\"},\"query-input\":\"required name=search_term_string\"}],\"inLanguage\":\"en-US\"},{\"@type\":\"Organization\",\"@id\":\"https:\/\/vianeo-ppr.noprod.db-vianeo.com\/en\/#organization\",\"name\":\"ENGIE Vianeo\",\"url\":\"https:\/\/vianeo-ppr.noprod.db-vianeo.com\/en\/\",\"logo\":{\"@type\":\"ImageObject\",\"inLanguage\":\"en-US\",\"@id\":\"https:\/\/vianeo-ppr.noprod.db-vianeo.com\/en\/#\/schema\/logo\/image\/\",\"url\":\"https:\/\/vianeo-ppr.noprod.db-vianeo.com\/wp-content\/uploads\/2023\/05\/logo-engie-vianeo.svg\",\"contentUrl\":\"https:\/\/vianeo-ppr.noprod.db-vianeo.com\/wp-content\/uploads\/2023\/05\/logo-engie-vianeo.svg\",\"width\":1,\"height\":1,\"caption\":\"ENGIE Vianeo\"},\"image\":{\"@id\":\"https:\/\/vianeo-ppr.noprod.db-vianeo.com\/en\/#\/schema\/logo\/image\/\"},\"sameAs\":[\"https:\/\/www.facebook.com\/ENGIEvianeo\",\"https:\/\/twitter.com\/ENGIEvianeo\"]}]}<\/script>\n<!-- \/ Yoast SEO plugin. -->","yoast_head_json":{"title":"Bornes de recharge pour camion \u00e9lectrique - ENGIE Vianeo","description":"Nous accompagnons aussi la d\u00e9carbonation du transport routier en cr\u00e9ant un r\u00e9seau de stations de recharge d\u00e9di\u00e9 aux camions \u00e9lectriques.","robots":{"index":"noindex","follow":"follow"},"og_locale":"en_US","og_type":"article","og_title":"Bornes de recharge pour camion \u00e9lectrique - ENGIE Vianeo","og_description":"Nous accompagnons aussi la d\u00e9carbonation du transport routier en cr\u00e9ant un r\u00e9seau de stations de recharge d\u00e9di\u00e9 aux camions \u00e9lectriques.","og_url":"https:\/\/vianeo-ppr.noprod.db-vianeo.com\/en\/borne-recharge-camion-electrique\/","og_site_name":"ENGIE Vianeo","article_publisher":"https:\/\/www.facebook.com\/ENGIEvianeo","article_modified_time":"2024-07-04T11:24:21+00:00","og_image":[{"width":1200,"height":1222,"url":"https:\/\/vianeo-ppr.noprod.db-vianeo.com\/wp-content\/uploads\/2023\/06\/img-engie-rs.jpg","type":"image\/jpeg"}],"twitter_card":"summary_large_image","twitter_site":"@ENGIEvianeo","schema":{"@context":"https:\/\/schema.org","@graph":[{"@type":"WebPage","@id":"https:\/\/vianeo-ppr.noprod.db-vianeo.com\/en\/borne-recharge-camion-electrique\/","url":"https:\/\/vianeo-ppr.noprod.db-vianeo.com\/en\/borne-recharge-camion-electrique\/","name":"Bornes de recharge pour camion \u00e9lectrique - ENGIE Vianeo","isPartOf":{"@id":"https:\/\/vianeo-ppr.noprod.db-vianeo.com\/en\/#website"},"datePublished":"2024-03-28T17:49:29+00:00","dateModified":"2024-07-04T11:24:21+00:00","description":"Nous accompagnons aussi la d\u00e9carbonation du transport routier en cr\u00e9ant un r\u00e9seau de stations de recharge d\u00e9di\u00e9 aux camions \u00e9lectriques.","breadcrumb":{"@id":"https:\/\/vianeo-ppr.noprod.db-vianeo.com\/en\/borne-recharge-camion-electrique\/#breadcrumb"},"inLanguage":"en-US","potentialAction":[{"@type":"ReadAction","target":["https:\/\/vianeo-ppr.noprod.db-vianeo.com\/en\/borne-recharge-camion-electrique\/"]}]},{"@type":"BreadcrumbList","@id":"https:\/\/vianeo-ppr.noprod.db-vianeo.com\/en\/borne-recharge-camion-electrique\/#breadcrumb","itemListElement":[{"@type":"ListItem","position":1,"name":"home","item":"https:\/\/vianeo-ppr.noprod.db-vianeo.com\/en\/"},{"@type":"ListItem","position":2,"name":"Mobilit\u00e9s lourdes"}]},{"@type":"WebSite","@id":"https:\/\/vianeo-ppr.noprod.db-vianeo.com\/en\/#website","url":"https:\/\/vianeo-ppr.noprod.db-vianeo.com\/en\/","name":"ENGIE Vianeo","description":"L\u2019\u00e9nergie est notre avenir, \u00e9conomisons-la.","publisher":{"@id":"https:\/\/vianeo-ppr.noprod.db-vianeo.com\/en\/#organization"},"potentialAction":[{"@type":"SearchAction","target":{"@type":"EntryPoint","urlTemplate":"https:\/\/vianeo-ppr.noprod.db-vianeo.com\/en\/?s={search_term_string}"},"query-input":"required name=search_term_string"}],"inLanguage":"en-US"},{"@type":"Organization","@id":"https:\/\/vianeo-ppr.noprod.db-vianeo.com\/en\/#organization","name":"ENGIE Vianeo","url":"https:\/\/vianeo-ppr.noprod.db-vianeo.com\/en\/","logo":{"@type":"ImageObject","inLanguage":"en-US","@id":"https:\/\/vianeo-ppr.noprod.db-vianeo.com\/en\/#\/schema\/logo\/image\/","url":"https:\/\/vianeo-ppr.noprod.db-vianeo.com\/wp-content\/uploads\/2023\/05\/logo-engie-vianeo.svg","contentUrl":"https:\/\/vianeo-ppr.noprod.db-vianeo.com\/wp-content\/uploads\/2023\/05\/logo-engie-vianeo.svg","width":1,"height":1,"caption":"ENGIE Vianeo"},"image":{"@id":"https:\/\/vianeo-ppr.noprod.db-vianeo.com\/en\/#\/schema\/logo\/image\/"},"sameAs":["https:\/\/www.facebook.com\/ENGIEvianeo","https:\/\/twitter.com\/ENGIEvianeo"]}]}},"_links":{"self":[{"href":"https:\/\/vianeo-ppr.noprod.db-vianeo.com\/en\/wp-json\/wp\/v2\/pages\/2678","targetHints":{"allow":["GET"]}}],"collection":[{"href":"https:\/\/vianeo-ppr.noprod.db-vianeo.com\/en\/wp-json\/wp\/v2\/pages"}],"about":[{"href":"https:\/\/vianeo-ppr.noprod.db-vianeo.com\/en\/wp-json\/wp\/v2\/types\/page"}],"author":[{"embeddable":true,"href":"https:\/\/vianeo-ppr.noprod.db-vianeo.com\/en\/wp-json\/wp\/v2\/users\/2"}],"replies":[{"embeddable":true,"href":"https:\/\/vianeo-ppr.noprod.db-vianeo.com\/en\/wp-json\/wp\/v2\/comments?post=2678"}],"version-history":[{"count":1,"href":"https:\/\/vianeo-ppr.noprod.db-vianeo.com\/en\/wp-json\/wp\/v2\/pages\/2678\/revisions"}],"predecessor-version":[{"id":2680,"href":"https:\/\/vianeo-ppr.noprod.db-vianeo.com\/en\/wp-json\/wp\/v2\/pages\/2678\/revisions\/2680"}],"wp:attachment":[{"href":"https:\/\/vianeo-ppr.noprod.db-vianeo.com\/en\/wp-json\/wp\/v2\/media?parent=2678"}],"curies":[{"name":"wp","href":"https:\/\/api.w.org\/{rel}","templated":true}]}}